{"id":199,"date":"2025-11-26T18:54:29","date_gmt":"2025-11-26T18:54:29","guid":{"rendered":"https:\/\/brixoptim.com\/arqueologiasomostodos\/?page_id=199"},"modified":"2025-11-26T18:57:25","modified_gmt":"2025-11-26T18:57:25","slug":"copia-de-copia-de-copia-de-nueva-pagina","status":"publish","type":"page","link":"https:\/\/brixoptim.com\/arqueologiasomostodos\/copia-de-copia-de-copia-de-nueva-pagina\/","title":{"rendered":"CERTAMEN FOTOGR\u00c1FICO"},"content":{"rendered":"\t\t<div data-elementor-type=\"wp-page\" data-elementor-id=\"199\" class=\"elementor elementor-199\" data-elementor-post-type=\"page\">\n\t\t\t\t<div class=\"elementor-element elementor-element-dbbf573 e-flex e-con-boxed e-con e-parent\" data-id=\"dbbf573\" data-element_type=\"container\" data-e-type=\"container\">\n\t\t\t\t\t<div class=\"e-con-inner\">\n\t\t<div class=\"elementor-element elementor-element-8ad32e5 e-con-full e-flex e-con e-child\" data-id=\"8ad32e5\" data-element_type=\"container\" data-e-type=\"container\">\n\t\t\t\t<div class=\"elementor-element elementor-element-8024373 elementor-widget elementor-widget-image\" data-id=\"8024373\" data-element_type=\"widget\" data-e-type=\"widget\" data-widget_type=\"image.default\">\n\t\t\t\t\t\t\t\t\t\t\t\t\t\t\t<img fetchpriority=\"high\" decoding=\"async\" width=\"949\" height=\"209\" src=\"https:\/\/brixoptim.com\/arqueologiasomostodos\/wp-content\/uploads\/2025\/11\/imgi_16_image.png\" class=\"attachment-large size-large wp-image-176\" alt=\"\" srcset=\"https:\/\/brixoptim.com\/arqueologiasomostodos\/wp-content\/uploads\/2025\/11\/imgi_16_image.png 949w, https:\/\/brixoptim.com\/arqueologiasomostodos\/wp-content\/uploads\/2025\/11\/imgi_16_image-300x66.png 300w, https:\/\/brixoptim.com\/arqueologiasomostodos\/wp-content\/uploads\/2025\/11\/imgi_16_image-768x169.png 768w\" sizes=\"(max-width: 949px) 100vw, 949px\" \/>\t\t\t\t\t\t\t\t\t\t\t\t\t\t\t<\/div>\n\t\t\t\t<div class=\"elementor-element elementor-element-150a8e0 elementor-widget elementor-widget-text-editor\" data-id=\"150a8e0\" data-element_type=\"widget\" data-e-type=\"widget\" data-widget_type=\"text-editor.default\">\n\t\t\t\t\t\t\t\t\t<p class=\"font_8 wixui-rich-text__text\"><span class=\"wixui-rich-text__text\">La crisis econ\u00f3mica global que vivimos en la primera d\u00e9cada del siglo XXI representaba una grave amenaza para la protecci\u00f3n, conservaci\u00f3n y sostenibilidad del patrimonio arqueol\u00f3gico. Para superar este complicado reto social era necesario plantear soluciones imaginativas e innovadoras con base en el conocimiento cient\u00edfico, el trabajo riguroso y el desarrollo tecnol\u00f3gico, as\u00ed como consensuar sinergias en el conjunto de la sociedad, otorgando a la iniciativa ciudadana un papel en materia patrimonial m\u00e1s relevante, a la par que responsable.<\/span><\/p><p class=\"font_8 wixui-rich-text__text\"><span class=\"wixui-rich-text__text\">En consecuencia, el Grupo de Investigaci\u00f3n\u00a0S\u00edsifo\u00a0de la Universidad de C\u00f3rdoba y su proyecto de cultura cient\u00edfica\u00a0Arqueolog\u00eda somos todos, convoc\u00f3 en los a\u00f1os 2011 y 2016 el\u00a0<b>Certamen de Fotograf\u00eda Ana M\u00aa Vicent<\/b>.<\/span><\/p><p class=\"font_8 wixui-rich-text__text\"><span class=\"wixui-rich-text__text\">Con este certamen se trataba de potenciar el valor del patrimonio hist\u00f3rico-arqueol\u00f3gico y contribuir a su conocimiento, protecci\u00f3n, conservaci\u00f3n y adecuada rentabilizaci\u00f3n cultural, al tiempo que se honraba la memoria de una de las arque\u00f3logas m\u00e1s f\u00e9rreas y combativas del \u00e1mbito cordob\u00e9s: Ana M\u00aa Vicent.<\/span><\/p>\t\t\t\t\t\t\t\t<\/div>\n\t\t\t\t<\/div>\n\t\t\t\t\t<\/div>\n\t\t\t\t<\/div>\n\t\t\t\t<\/div>\n\t\t","protected":false},"excerpt":{"rendered":"<p>La crisis econ\u00f3mica global que vivimos en la primera d\u00e9cada del siglo XXI representaba una grave amenaza para la protecci\u00f3n, [&hellip;]<\/p>\n","protected":false},"author":1,"featured_media":0,"parent":0,"menu_order":0,"comment_status":"closed","ping_status":"closed","template":"","meta":{"site-sidebar-layout":"no-sidebar","site-content-layout":"","ast-site-content-layout":"full-width-container","site-content-style":"default","site-sidebar-style":"default","ast-global-header-display":"","ast-banner-title-visibility":"","ast-main-header-display":"","ast-hfb-above-header-display":"","ast-hfb-below-header-display":"","ast-hfb-mobile-header-display":"","site-post-title":"","ast-breadcrumbs-content":"","ast-featured-img":"disabled","footer-sml-layout":"","ast-disable-related-posts":"","theme-transparent-header-meta":"","adv-header-id-meta":"","stick-header-meta":"","header-above-stick-meta":"","header-main-stick-meta":"","header-below-stick-meta":"","astra-migrate-meta-layouts":"default","ast-page-background-enabled":"default","ast-page-background-meta":{"desktop":{"background-color":"var(--ast-global-color-5)","background-image":"","background-repeat":"repeat","background-position":"center center","background-size":"auto","background-attachment":"scroll","background-type":"","background-media":"","overlay-type":"","overlay-color":"","overlay-opacity":"","overlay-gradient":""},"tablet":{"background-color":"","background-image":"","background-repeat":"repeat","background-position":"center center","background-size":"auto","background-attachment":"scroll","background-type":"","background-media":"","overlay-type":"","overlay-color":"","overlay-opacity":"","overlay-gradient":""},"mobile":{"background-color":"","background-image":"","background-repeat":"repeat","background-position":"center center","background-size":"auto","background-attachment":"scroll","background-type":"","background-media":"","overlay-type":"","overlay-color":"","overlay-opacity":"","overlay-gradient":""}},"ast-content-background-meta":{"desktop":{"background-color":"var(--ast-global-color-4)","background-image":"","background-repeat":"repeat","background-position":"center center","background-size":"auto","background-attachment":"scroll","background-type":"","background-media":"","overlay-type":"","overlay-color":"","overlay-opacity":"","overlay-gradient":""},"tablet":{"background-color":"var(--ast-global-color-4)","background-image":"","background-repeat":"repeat","background-position":"center center","background-size":"auto","background-attachment":"scroll","background-type":"","background-media":"","overlay-type":"","overlay-color":"","overlay-opacity":"","overlay-gradient":""},"mobile":{"background-color":"var(--ast-global-color-4)","background-image":"","background-repeat":"repeat","background-position":"center center","background-size":"auto","background-attachment":"scroll","background-type":"","background-media":"","overlay-type":"","overlay-color":"","overlay-opacity":"","overlay-gradient":""}},"footnotes":""},"class_list":["post-199","page","type-page","status-publish","hentry"],"_links":{"self":[{"href":"https:\/\/brixoptim.com\/arqueologiasomostodos\/wp-json\/wp\/v2\/pages\/199","targetHints":{"allow":["GET"]}}],"collection":[{"href":"https:\/\/brixoptim.com\/arqueologiasomostodos\/wp-json\/wp\/v2\/pages"}],"about":[{"href":"https:\/\/brixoptim.com\/arqueologiasomostodos\/wp-json\/wp\/v2\/types\/page"}],"author":[{"embeddable":true,"href":"https:\/\/brixoptim.com\/arqueologiasomostodos\/wp-json\/wp\/v2\/users\/1"}],"replies":[{"embeddable":true,"href":"https:\/\/brixoptim.com\/arqueologiasomostodos\/wp-json\/wp\/v2\/comments?post=199"}],"version-history":[{"count":7,"href":"https:\/\/brixoptim.com\/arqueologiasomostodos\/wp-json\/wp\/v2\/pages\/199\/revisions"}],"predecessor-version":[{"id":206,"href":"https:\/\/brixoptim.com\/arqueologiasomostodos\/wp-json\/wp\/v2\/pages\/199\/revisions\/206"}],"wp:attachment":[{"href":"https:\/\/brixoptim.com\/arqueologiasomostodos\/wp-json\/wp\/v2\/media?parent=199"}],"curies":[{"name":"wp","href":"https:\/\/api.w.org\/{rel}","templated":true}]}}