{"id":194,"date":"2025-11-26T18:51:05","date_gmt":"2025-11-26T18:51:05","guid":{"rendered":"https:\/\/brixoptim.com\/arqueologiasomostodos\/?page_id=194"},"modified":"2025-11-26T18:57:33","modified_gmt":"2025-11-26T18:57:33","slug":"copia-de-copia-de-nueva-pagina","status":"publish","type":"page","link":"https:\/\/brixoptim.com\/arqueologiasomostodos\/copia-de-copia-de-nueva-pagina\/","title":{"rendered":"PREMIOS S\u00cdSIFO"},"content":{"rendered":"\t\t<div data-elementor-type=\"wp-page\" data-elementor-id=\"194\" class=\"elementor elementor-194\" data-elementor-post-type=\"page\">\n\t\t\t\t<div class=\"elementor-element elementor-element-9a11a52 e-flex e-con-boxed e-con e-parent\" data-id=\"9a11a52\" data-element_type=\"container\" data-e-type=\"container\">\n\t\t\t\t\t<div class=\"e-con-inner\">\n\t\t<div class=\"elementor-element elementor-element-81db4dc e-con-full e-flex e-con e-child\" data-id=\"81db4dc\" data-element_type=\"container\" data-e-type=\"container\">\n\t\t\t\t<div class=\"elementor-element elementor-element-4a0c246 elementor-widget elementor-widget-heading\" data-id=\"4a0c246\" data-element_type=\"widget\" data-e-type=\"widget\" data-widget_type=\"heading.default\">\n\t\t\t\t\t<h2 class=\"elementor-heading-title elementor-size-default\">PREMIOS <i>S\u00cdSIFO<\/i>\n<\/h2>\t\t\t\t<\/div>\n\t\t\t\t<div class=\"elementor-element elementor-element-d97a522 elementor-widget elementor-widget-image\" data-id=\"d97a522\" data-element_type=\"widget\" data-e-type=\"widget\" data-widget_type=\"image.default\">\n\t\t\t\t\t\t\t\t\t\t\t\t\t\t\t<img fetchpriority=\"high\" decoding=\"async\" width=\"949\" height=\"209\" src=\"https:\/\/brixoptim.com\/arqueologiasomostodos\/wp-content\/uploads\/2025\/11\/imgi_14_premios-sisifo.jpg\" class=\"attachment-large size-large wp-image-175\" alt=\"\" srcset=\"https:\/\/brixoptim.com\/arqueologiasomostodos\/wp-content\/uploads\/2025\/11\/imgi_14_premios-sisifo.jpg 949w, https:\/\/brixoptim.com\/arqueologiasomostodos\/wp-content\/uploads\/2025\/11\/imgi_14_premios-sisifo-300x66.jpg 300w, https:\/\/brixoptim.com\/arqueologiasomostodos\/wp-content\/uploads\/2025\/11\/imgi_14_premios-sisifo-768x169.jpg 768w\" sizes=\"(max-width: 949px) 100vw, 949px\" \/>\t\t\t\t\t\t\t\t\t\t\t\t\t\t\t<\/div>\n\t\t\t\t<div class=\"elementor-element elementor-element-8beca63 elementor-widget elementor-widget-text-editor\" data-id=\"8beca63\" data-element_type=\"widget\" data-e-type=\"widget\" data-widget_type=\"text-editor.default\">\n\t\t\t\t\t\t\t\t\t<p class=\"font_8 wixui-rich-text__text\"><span class=\"wixui-rich-text__text\">Con el fin de defender la correcta divulgaci\u00f3n de nuestro pasado, a inicios del a\u00f1o 2011 creamos desde el Grupo de Investigaci\u00f3n S\u00edsifo (\u00c1rea de Arqueolog\u00eda, Universidad de C\u00f3rdoba) el proyecto de cultura cient\u00edfica\u00a0Arqueolog\u00eda somos todos, del que, posteriormente, eman\u00f3 hasta el a\u00f1o 2020 una asociaci\u00f3n cultural hom\u00f3nima.<\/span><\/p><p class=\"font_8 wixui-rich-text__text\"><span class=\"wixui-rich-text__text\">La Arqueolog\u00eda, a menudo malinterpretada, necesitaba que fuera entendida por la sociedad como una ciencia \u00fatil, capaz de proporcionar recreo intelectual y est\u00e9tico, al tiempo que importantes beneficios socioculturales y econ\u00f3micos. Era necesario, por tanto, que el patrimonio arqueol\u00f3gico saliera del estricto \u00e1mbito acad\u00e9mico\/cient\u00edfico y revirtiera en la ciudadan\u00eda.<\/span><\/p><p class=\"font_8 wixui-rich-text__text\"><span class=\"wixui-rich-text__text\">Tras 15 a\u00f1os de trabajo, podemos afirmar que el proyecto\u00a0Arqueolog\u00eda somos todos\u00a0ha mejorado la formaci\u00f3n hist\u00f3rico-arqueol\u00f3gica de la sociedad cordobesa a todos los niveles, si bien seguimos buscamos a\u00fan la consolidaci\u00f3n de un modelo de investigaci\u00f3n, gesti\u00f3n y difusi\u00f3n arqueol\u00f3gica global y sostenible, al margen de ciclos pol\u00edticos, que a\u00fane sinergias con todo tipo de organismos (p\u00fablicos y privados) y permita la adecuada transferencia a la sociedad del patrimonio arqueol\u00f3gico.<\/span><\/p><p class=\"font_8 wixui-rich-text__text\"><span class=\"wixui-rich-text__text\">Nuestra entrega ha sido ampliamente premiada y avalada a lo largo de los a\u00f1os, tanto a nivel nacional como internacional. Por este motivo, cre\u00edmos oportuno que nos tocaba a nosotros\u00a0<b>asumir un papel de mayor responsabilidad y apoyar tambi\u00e9n a otras instituciones o personas que hubieran destacado<\/b>\u00a0(a nivel local, regional, nacional o internacional) en la investigaci\u00f3n, defensa o divulgaci\u00f3n del patrimonio arqueol\u00f3gico. Quisimos, pues, respaldar su compromiso con la Historia y la Arqueolog\u00eda; animarlos en la elecci\u00f3n de un camino dif\u00edcil lleno de vicisitudes; y reconocerles su labor en la preservaci\u00f3n del legado material e intelectual de nuestro pasado.<\/span><\/p><p class=\"font_8 wixui-rich-text__text\"><span class=\"wixui-rich-text__text\">Bajo estas premisas surgieron en el a\u00f1o 2016 los\u00a0<b>Premios S\u00edsifo a la investigaci\u00f3n, defensa y difusi\u00f3n del patrimonio arqueol\u00f3gico<\/b>, celebrados en cuatro ediciones hasta el a\u00f1o 2019.\u00a0<\/span><\/p>\t\t\t\t\t\t\t\t<\/div>\n\t\t\t\t<div class=\"elementor-element elementor-element-f4f0114 elementor-widget elementor-widget-image\" data-id=\"f4f0114\" data-element_type=\"widget\" data-e-type=\"widget\" data-widget_type=\"image.default\">\n\t\t\t\t\t\t\t\t\t\t\t\t\t\t\t<img decoding=\"async\" width=\"1000\" height=\"667\" src=\"https:\/\/brixoptim.com\/arqueologiasomostodos\/wp-content\/uploads\/2025\/11\/imgi_36_sis1.jpg\" class=\"attachment-large size-large wp-image-160\" alt=\"\" srcset=\"https:\/\/brixoptim.com\/arqueologiasomostodos\/wp-content\/uploads\/2025\/11\/imgi_36_sis1.jpg 1000w, https:\/\/brixoptim.com\/arqueologiasomostodos\/wp-content\/uploads\/2025\/11\/imgi_36_sis1-300x200.jpg 300w, https:\/\/brixoptim.com\/arqueologiasomostodos\/wp-content\/uploads\/2025\/11\/imgi_36_sis1-768x512.jpg 768w\" sizes=\"(max-width: 1000px) 100vw, 1000px\" \/>\t\t\t\t\t\t\t\t\t\t\t\t\t\t\t<\/div>\n\t\t\t\t<div class=\"elementor-element elementor-element-3eeb2c8 elementor-widget__width-initial elementor-widget elementor-widget-text-editor\" data-id=\"3eeb2c8\" data-element_type=\"widget\" data-e-type=\"widget\" data-widget_type=\"text-editor.default\">\n\t\t\t\t\t\t\t\t\t<p>Premiados y Autorizados en los Premios S\u00edsifo 2017<\/p>\t\t\t\t\t\t\t\t<\/div>\n\t\t\t\t<\/div>\n\t\t\t\t\t<\/div>\n\t\t\t\t<\/div>\n\t\t\t\t<\/div>\n\t\t","protected":false},"excerpt":{"rendered":"<p>PREMIOS S\u00cdSIFO Con el fin de defender la correcta divulgaci\u00f3n de nuestro pasado, a inicios del a\u00f1o 2011 creamos desde [&hellip;]<\/p>\n","protected":false},"author":1,"featured_media":0,"parent":0,"menu_order":0,"comment_status":"closed","ping_status":"closed","template":"","meta":{"site-sidebar-layout":"no-sidebar","site-content-layout":"","ast-site-content-layout":"full-width-container","site-content-style":"default","site-sidebar-style":"default","ast-global-header-display":"","ast-banner-title-visibility":"","ast-main-header-display":"","ast-hfb-above-header-display":"","ast-hfb-below-header-display":"","ast-hfb-mobile-header-display":"","site-post-title":"","ast-breadcrumbs-content":"","ast-featured-img":"disabled","footer-sml-layout":"","ast-disable-related-posts":"","theme-transparent-header-meta":"","adv-header-id-meta":"","stick-header-meta":"","header-above-stick-meta":"","header-main-stick-meta":"","header-below-stick-meta":"","astra-migrate-meta-layouts":"default","ast-page-background-enabled":"default","ast-page-background-meta":{"desktop":{"background-color":"var(--ast-global-color-5)","background-image":"","background-repeat":"repeat","background-position":"center center","background-size":"auto","background-attachment":"scroll","background-type":"","background-media":"","overlay-type":"","overlay-color":"","overlay-opacity":"","overlay-gradient":""},"tablet":{"background-color":"","background-image":"","background-repeat":"repeat","background-position":"center center","background-size":"auto","background-attachment":"scroll","background-type":"","background-media":"","overlay-type":"","overlay-color":"","overlay-opacity":"","overlay-gradient":""},"mobile":{"background-color":"","background-image":"","background-repeat":"repeat","background-position":"center center","background-size":"auto","background-attachment":"scroll","background-type":"","background-media":"","overlay-type":"","overlay-color":"","overlay-opacity":"","overlay-gradient":""}},"ast-content-background-meta":{"desktop":{"background-color":"var(--ast-global-color-4)","background-image":"","background-repeat":"repeat","background-position":"center center","background-size":"auto","background-attachment":"scroll","background-type":"","background-media":"","overlay-type":"","overlay-color":"","overlay-opacity":"","overlay-gradient":""},"tablet":{"background-color":"var(--ast-global-color-4)","background-image":"","background-repeat":"repeat","background-position":"center center","background-size":"auto","background-attachment":"scroll","background-type":"","background-media":"","overlay-type":"","overlay-color":"","overlay-opacity":"","overlay-gradient":""},"mobile":{"background-color":"var(--ast-global-color-4)","background-image":"","background-repeat":"repeat","background-position":"center center","background-size":"auto","background-attachment":"scroll","background-type":"","background-media":"","overlay-type":"","overlay-color":"","overlay-opacity":"","overlay-gradient":""}},"footnotes":""},"class_list":["post-194","page","type-page","status-publish","hentry"],"_links":{"self":[{"href":"https:\/\/brixoptim.com\/arqueologiasomostodos\/wp-json\/wp\/v2\/pages\/194","targetHints":{"allow":["GET"]}}],"collection":[{"href":"https:\/\/brixoptim.com\/arqueologiasomostodos\/wp-json\/wp\/v2\/pages"}],"about":[{"href":"https:\/\/brixoptim.com\/arqueologiasomostodos\/wp-json\/wp\/v2\/types\/page"}],"author":[{"embeddable":true,"href":"https:\/\/brixoptim.com\/arqueologiasomostodos\/wp-json\/wp\/v2\/users\/1"}],"replies":[{"embeddable":true,"href":"https:\/\/brixoptim.com\/arqueologiasomostodos\/wp-json\/wp\/v2\/comments?post=194"}],"version-history":[{"count":7,"href":"https:\/\/brixoptim.com\/arqueologiasomostodos\/wp-json\/wp\/v2\/pages\/194\/revisions"}],"predecessor-version":[{"id":209,"href":"https:\/\/brixoptim.com\/arqueologiasomostodos\/wp-json\/wp\/v2\/pages\/194\/revisions\/209"}],"wp:attachment":[{"href":"https:\/\/brixoptim.com\/arqueologiasomostodos\/wp-json\/wp\/v2\/media?parent=194"}],"curies":[{"name":"wp","href":"https:\/\/api.w.org\/{rel}","templated":true}]}}