{"id":186,"date":"2025-11-26T18:48:50","date_gmt":"2025-11-26T18:48:50","guid":{"rendered":"https:\/\/brixoptim.com\/arqueologiasomostodos\/?page_id=186"},"modified":"2025-11-26T18:49:52","modified_gmt":"2025-11-26T18:49:52","slug":"copia-de-nueva-pagina","status":"publish","type":"page","link":"https:\/\/brixoptim.com\/arqueologiasomostodos\/copia-de-nueva-pagina\/","title":{"rendered":"RECONOCIMIENTOS"},"content":{"rendered":"\t\t<div data-elementor-type=\"wp-page\" data-elementor-id=\"186\" class=\"elementor elementor-186\" data-elementor-post-type=\"page\">\n\t\t\t\t<div class=\"elementor-element elementor-element-8ddc32f e-flex e-con-boxed e-con e-parent\" data-id=\"8ddc32f\" data-element_type=\"container\" data-e-type=\"container\">\n\t\t\t\t\t<div class=\"e-con-inner\">\n\t\t<div class=\"elementor-element elementor-element-492d3b3 e-con-full e-flex e-con e-child\" data-id=\"492d3b3\" data-element_type=\"container\" data-e-type=\"container\">\n\t\t\t\t<div class=\"elementor-element elementor-element-6e65dcf elementor-widget elementor-widget-heading\" data-id=\"6e65dcf\" data-element_type=\"widget\" data-e-type=\"widget\" data-widget_type=\"heading.default\">\n\t\t\t\t\t<h2 class=\"elementor-heading-title elementor-size-default\">RECONOCIMIENTOS<\/h2>\t\t\t\t<\/div>\n\t\t\t\t<div class=\"elementor-element elementor-element-fde4ddb elementor-widget elementor-widget-image\" data-id=\"fde4ddb\" data-element_type=\"widget\" data-e-type=\"widget\" data-widget_type=\"image.default\">\n\t\t\t\t\t\t\t\t\t\t\t\t\t\t\t<img fetchpriority=\"high\" decoding=\"async\" width=\"814\" height=\"384\" src=\"https:\/\/brixoptim.com\/arqueologiasomostodos\/wp-content\/uploads\/2025\/11\/imgi_34_YY.jpg\" class=\"attachment-large size-large wp-image-158\" alt=\"\" srcset=\"https:\/\/brixoptim.com\/arqueologiasomostodos\/wp-content\/uploads\/2025\/11\/imgi_34_YY.jpg 814w, https:\/\/brixoptim.com\/arqueologiasomostodos\/wp-content\/uploads\/2025\/11\/imgi_34_YY-300x142.jpg 300w, https:\/\/brixoptim.com\/arqueologiasomostodos\/wp-content\/uploads\/2025\/11\/imgi_34_YY-768x362.jpg 768w\" sizes=\"(max-width: 814px) 100vw, 814px\" \/>\t\t\t\t\t\t\t\t\t\t\t\t\t\t\t<\/div>\n\t\t\t\t<div class=\"elementor-element elementor-element-6b10c9f elementor-widget elementor-widget-text-editor\" data-id=\"6b10c9f\" data-element_type=\"widget\" data-e-type=\"widget\" data-widget_type=\"text-editor.default\">\n\t\t\t\t\t\t\t\t\t<ul class=\"font_8 wixui-rich-text__text\"><li class=\"wixui-rich-text__text\"><p class=\"font_8 wixui-rich-text__text\"><span class=\"wixui-rich-text__text\"><strong>Premio Cordobeses del A\u00f1o 2017<\/strong>\u00a0(Concedido al director del proyecto\u00a0Arqueolog\u00eda somos todos:\u00a0Desiderio Vaquerizo Gil. Categor\u00eda Valores Sociales) Diario C\u00f3rdoba<\/span><\/p><\/li><li class=\"wixui-rich-text__text\"><p class=\"font_8 wixui-rich-text__text\"><span class=\"wixui-rich-text__text\"><strong>Premio Vaccea 2014<\/strong>\u00a0(Categor\u00eda Investigaci\u00f3n y divulgaci\u00f3n cient\u00edficas) Centro de Estudios Vacceos \u00abFederico Wattenberg\u00bb (CEVFW) de la Universidad de Valladolid<\/span><\/p><\/li><li class=\"wixui-rich-text__text\"><p class=\"font_8 wixui-rich-text__text\"><span class=\"wixui-rich-text__text\"><strong>Menci\u00f3n Especial \u00abEuropa Nostra\u00bb<\/strong>\u00a0(Categor\u00eda de Educaci\u00f3n, Formaci\u00f3n y Sensibilizaci\u00f3n) Premios Europa Nostra 2014<\/span><\/p><\/li><li class=\"wixui-rich-text__text\"><p class=\"font_8 wixui-rich-text__text\"><span class=\"wixui-rich-text__text\"><strong>Premio \u201cTransferencia del Conocimiento\u201d 2014<\/strong>\u00a0(Categor\u00eda Universidad) Consejo Social, Universidad de C\u00f3rdoba<\/span><\/p><\/li><li class=\"wixui-rich-text__text\"><p class=\"font_8 wixui-rich-text__text\"><span class=\"wixui-rich-text__text\"><strong>Premio C\u00f3rdoba Joven 2014<\/strong>\u00a0(Categor\u00eda Universidad) Instituto Andaluz de la Juventud<\/span><\/p><\/li><li class=\"wixui-rich-text__text\"><p class=\"font_8 wixui-rich-text__text\"><span class=\"wixui-rich-text__text\"><strong>II Premios Fundaci\u00f3n Caja Rural de C\u00f3rdoba 2012<\/strong>\u00a0(Recuperaci\u00f3n del Patrimonio Hist\u00f3rico Art\u00edstico Provincial) Fundaci\u00f3n Caja Rural de C\u00f3rdoba<\/span><\/p><\/li><li class=\"wixui-rich-text__text\"><p class=\"font_8 wixui-rich-text__text\"><span class=\"wixui-rich-text__text\"><strong>Premio Averroes de Oro Ciudad de C\u00f3rdoba a las Ciencias 2012\u00a0<\/strong>(Concedido al director del proyecto: Desiderio Vaquerizo Gil) C\u00edrculo Cultural Averroes<\/span><\/p><\/li><li class=\"wixui-rich-text__text\"><p class=\"font_8 wixui-rich-text__text\"><span class=\"wixui-rich-text__text\"><strong>Premio Juan Bernier 2011<\/strong>\u00a0(Categor\u00eda Arqueolog\u00eda) Asociaci\u00f3n cultural Arte, Arqueolog\u00eda e Historia<\/span><\/p><\/li><\/ul>\t\t\t\t\t\t\t\t<\/div>\n\t\t\t\t<div class=\"elementor-element elementor-element-499667b elementor-widget elementor-widget-image\" data-id=\"499667b\" data-element_type=\"widget\" data-e-type=\"widget\" data-widget_type=\"image.default\">\n\t\t\t\t\t\t\t\t\t\t\t\t\t\t\t<img decoding=\"async\" width=\"814\" height=\"457\" src=\"https:\/\/brixoptim.com\/arqueologiasomostodos\/wp-content\/uploads\/2025\/11\/imgi_35_989P.jpg\" class=\"attachment-large size-large wp-image-159\" alt=\"\" srcset=\"https:\/\/brixoptim.com\/arqueologiasomostodos\/wp-content\/uploads\/2025\/11\/imgi_35_989P.jpg 814w, https:\/\/brixoptim.com\/arqueologiasomostodos\/wp-content\/uploads\/2025\/11\/imgi_35_989P-300x168.jpg 300w, https:\/\/brixoptim.com\/arqueologiasomostodos\/wp-content\/uploads\/2025\/11\/imgi_35_989P-768x431.jpg 768w\" sizes=\"(max-width: 814px) 100vw, 814px\" \/>\t\t\t\t\t\t\t\t\t\t\t\t\t\t\t<\/div>\n\t\t\t\t<\/div>\n\t\t\t\t\t<\/div>\n\t\t\t\t<\/div>\n\t\t\t\t<\/div>\n\t\t","protected":false},"excerpt":{"rendered":"<p>RECONOCIMIENTOS Premio Cordobeses del A\u00f1o 2017\u00a0(Concedido al director del proyecto\u00a0Arqueolog\u00eda somos todos:\u00a0Desiderio Vaquerizo Gil. Categor\u00eda Valores Sociales) Diario C\u00f3rdoba Premio [&hellip;]<\/p>\n","protected":false},"author":1,"featured_media":0,"parent":0,"menu_order":0,"comment_status":"closed","ping_status":"closed","template":"","meta":{"site-sidebar-layout":"no-sidebar","site-content-layout":"","ast-site-content-layout":"full-width-container","site-content-style":"default","site-sidebar-style":"default","ast-global-header-display":"","ast-banner-title-visibility":"","ast-main-header-display":"","ast-hfb-above-header-display":"","ast-hfb-below-header-display":"","ast-hfb-mobile-header-display":"","site-post-title":"","ast-breadcrumbs-content":"","ast-featured-img":"disabled","footer-sml-layout":"","ast-disable-related-posts":"","theme-transparent-header-meta":"","adv-header-id-meta":"","stick-header-meta":"","header-above-stick-meta":"","header-main-stick-meta":"","header-below-stick-meta":"","astra-migrate-meta-layouts":"default","ast-page-background-enabled":"default","ast-page-background-meta":{"desktop":{"background-color":"var(--ast-global-color-5)","background-image":"","background-repeat":"repeat","background-position":"center center","background-size":"auto","background-attachment":"scroll","background-type":"","background-media":"","overlay-type":"","overlay-color":"","overlay-opacity":"","overlay-gradient":""},"tablet":{"background-color":"","background-image":"","background-repeat":"repeat","background-position":"center center","background-size":"auto","background-attachment":"scroll","background-type":"","background-media":"","overlay-type":"","overlay-color":"","overlay-opacity":"","overlay-gradient":""},"mobile":{"background-color":"","background-image":"","background-repeat":"repeat","background-position":"center center","background-size":"auto","background-attachment":"scroll","background-type":"","background-media":"","overlay-type":"","overlay-color":"","overlay-opacity":"","overlay-gradient":""}},"ast-content-background-meta":{"desktop":{"background-color":"var(--ast-global-color-4)","background-image":"","background-repeat":"repeat","background-position":"center center","background-size":"auto","background-attachment":"scroll","background-type":"","background-media":"","overlay-type":"","overlay-color":"","overlay-opacity":"","overlay-gradient":""},"tablet":{"background-color":"var(--ast-global-color-4)","background-image":"","background-repeat":"repeat","background-position":"center center","background-size":"auto","background-attachment":"scroll","background-type":"","background-media":"","overlay-type":"","overlay-color":"","overlay-opacity":"","overlay-gradient":""},"mobile":{"background-color":"var(--ast-global-color-4)","background-image":"","background-repeat":"repeat","background-position":"center center","background-size":"auto","background-attachment":"scroll","background-type":"","background-media":"","overlay-type":"","overlay-color":"","overlay-opacity":"","overlay-gradient":""}},"footnotes":""},"class_list":["post-186","page","type-page","status-publish","hentry"],"_links":{"self":[{"href":"https:\/\/brixoptim.com\/arqueologiasomostodos\/wp-json\/wp\/v2\/pages\/186","targetHints":{"allow":["GET"]}}],"collection":[{"href":"https:\/\/brixoptim.com\/arqueologiasomostodos\/wp-json\/wp\/v2\/pages"}],"about":[{"href":"https:\/\/brixoptim.com\/arqueologiasomostodos\/wp-json\/wp\/v2\/types\/page"}],"author":[{"embeddable":true,"href":"https:\/\/brixoptim.com\/arqueologiasomostodos\/wp-json\/wp\/v2\/users\/1"}],"replies":[{"embeddable":true,"href":"https:\/\/brixoptim.com\/arqueologiasomostodos\/wp-json\/wp\/v2\/comments?post=186"}],"version-history":[{"count":4,"href":"https:\/\/brixoptim.com\/arqueologiasomostodos\/wp-json\/wp\/v2\/pages\/186\/revisions"}],"predecessor-version":[{"id":193,"href":"https:\/\/brixoptim.com\/arqueologiasomostodos\/wp-json\/wp\/v2\/pages\/186\/revisions\/193"}],"wp:attachment":[{"href":"https:\/\/brixoptim.com\/arqueologiasomostodos\/wp-json\/wp\/v2\/media?parent=186"}],"curies":[{"name":"wp","href":"https:\/\/api.w.org\/{rel}","templated":true}]}}